{"id":587,"date":"2022-08-07T00:05:11","date_gmt":"2022-08-07T04:05:11","guid":{"rendered":"https:\/\/www.numidiahome.com\/?post_type=product&#038;p=587"},"modified":"2022-10-14T00:05:10","modified_gmt":"2022-10-14T04:05:10","slug":"ensemble-de-robinets-a-angle-incurve","status":"publish","type":"product","link":"https:\/\/www.numidiahome.com\/en\/product\/ensemble-de-robinets-a-angle-incurve\/","title":{"rendered":"Modern Black Finish Bathtub Use Hot Cold Water Supply Wall Mounted Waterfall Tub Filler Brass Faucet"},"content":{"rendered":"<p>Modern Black Finish Bathtub Use Hot Cold Water Supply Wall Mounted Waterfall Tub Filler Brass Faucet\nAdvantages:\n1. 59% Solid Brass with Hot&amp;Cold Designs.\n2. By gravity die casting process, molding in one.\n3. Faucet valve has passed international approval like CE,CUPC,UPC,Water Marks etc.\n4. Gem grade chrome plate surface, radiant, against rust stains, persistent like new appearance.\n5. Faucet handle allows multiple rotating angles, of convenient usage, and good cleaning effect.\n6. Durable Stainless steel hose with CE,UPC,CUPC,Water Marks Approval is capable of withstanding the underwater<\/p>","protected":false},"excerpt":{"rendered":"<p>Modern Black Finish Bathtub Use Hot Cold Water Supply Wall Mounted Waterfall Tub Filler Brass Faucet\nAdvantages:\n1. 59% Solid Brass with Hot&amp;Cold Designs.\n2. By gravity die casting process, molding in one.\n3. Faucet valve has passed international approval like CE,CUPC,UPC,Water Marks etc.\n4. Gem grade chrome plate surface, radiant, against rust stains, persistent like new appearance.\n5. Faucet handle allows multiple rotating angles, of convenient usage, and good cleaning effect.\n6. Durable Stainless steel hose with CE,UPC,CUPC,Water Marks Approval is capable of withstanding the underwater<\/p>","protected":false},"featured_media":787,"comment_status":"open","ping_status":"closed","template":"","meta":{"ocean_post_layout":"","ocean_both_sidebars_style":"","ocean_both_sidebars_content_width":0,"ocean_both_sidebars_sidebars_width":0,"ocean_sidebar":"","ocean_second_sidebar":"","ocean_disable_margins":"enable","ocean_add_body_class":"","ocean_shortcode_before_top_bar":"","ocean_shortcode_after_top_bar":"","ocean_shortcode_before_header":"","ocean_shortcode_after_header":"","ocean_has_shortcode":"","ocean_shortcode_after_title":"","ocean_shortcode_before_footer_widgets":"","ocean_shortcode_after_footer_widgets":"","ocean_shortcode_before_footer_bottom":"","ocean_shortcode_after_footer_bottom":"","ocean_display_top_bar":"default","ocean_display_header":"default","ocean_header_style":"","ocean_center_header_left_menu":"","ocean_custom_header_template":"","ocean_custom_logo":0,"ocean_custom_retina_logo":0,"ocean_custom_logo_max_width":0,"ocean_custom_logo_tablet_max_width":0,"ocean_custom_logo_mobile_max_width":0,"ocean_custom_logo_max_height":0,"ocean_custom_logo_tablet_max_height":0,"ocean_custom_logo_mobile_max_height":0,"ocean_header_custom_menu":"","ocean_menu_typo_font_family":"","ocean_menu_typo_font_subset":"","ocean_menu_typo_font_size":0,"ocean_menu_typo_font_size_tablet":0,"ocean_menu_typo_font_size_mobile":0,"ocean_menu_typo_font_size_unit":"px","ocean_menu_typo_font_weight":"","ocean_menu_typo_font_weight_tablet":"","ocean_menu_typo_font_weight_mobile":"","ocean_menu_typo_transform":"","ocean_menu_typo_transform_tablet":"","ocean_menu_typo_transform_mobile":"","ocean_menu_typo_line_height":0,"ocean_menu_typo_line_height_tablet":0,"ocean_menu_typo_line_height_mobile":0,"ocean_menu_typo_line_height_unit":"","ocean_menu_typo_spacing":0,"ocean_menu_typo_spacing_tablet":0,"ocean_menu_typo_spacing_mobile":0,"ocean_menu_typo_spacing_unit":"","ocean_menu_link_color":"","ocean_menu_link_color_hover":"","ocean_menu_link_color_active":"","ocean_menu_link_background":"","ocean_menu_link_hover_background":"","ocean_menu_link_active_background":"","ocean_menu_social_links_bg":"","ocean_menu_social_hover_links_bg":"","ocean_menu_social_links_color":"","ocean_menu_social_hover_links_color":"","ocean_disable_title":"default","ocean_disable_heading":"default","ocean_post_title":"","ocean_post_subheading":"","ocean_post_title_style":"","ocean_post_title_background_color":"","ocean_post_title_background":0,"ocean_post_title_bg_image_position":"","ocean_post_title_bg_image_attachment":"","ocean_post_title_bg_image_repeat":"","ocean_post_title_bg_image_size":"","ocean_post_title_height":0,"ocean_post_title_bg_overlay":0.5,"ocean_post_title_bg_overlay_color":"","ocean_disable_breadcrumbs":"default","ocean_breadcrumbs_color":"","ocean_breadcrumbs_separator_color":"","ocean_breadcrumbs_links_color":"","ocean_breadcrumbs_links_hover_color":"","ocean_display_footer_widgets":"default","ocean_display_footer_bottom":"default","ocean_custom_footer_template":""},"product_brand":[],"product_cat":[21],"product_tag":[],"class_list":{"0":"post-587","1":"product","2":"type-product","3":"status-publish","4":"has-post-thumbnail","6":"product_cat-robinet","7":"product_shipping_class-robinet","9":"entry","10":"has-media","12":"first","13":"instock","14":"taxable","15":"shipping-taxable","16":"purchasable","17":"product-type-simple","18":"has-product-nav","19":"col","20":"span_1_of_4","21":"owp-content-center","22":"owp-thumbs-layout-horizontal","23":"owp-btn-normal","24":"owp-tabs-layout-horizontal"},"yoast_head":"<!-- This site is optimized with the Yoast SEO plugin v26.9 - https:\/\/yoast.com\/product\/yoast-seo-wordpress\/ -->\n<title>Ensemble de robinets \u00e0 Angle incurv\u00e9 - Numidia Home<\/title>\n<meta name=\"description\" content=\"Ensemble de robinets \u00e0 Angle incurv\u00e9 de haute qualit\u00e9, syst\u00e8me de douche de pluie de style traditionnel m\u00e9langeur pour salle de bain\" \/>\n<meta name=\"robots\" content=\"index, follow, max-snippet:-1, max-image-preview:large, max-video-preview:-1\" \/>\n<link rel=\"canonical\" href=\"https:\/\/www.numidiahome.com\/en\/product\/ensemble-de-robinets-a-angle-incurve\/\" \/>\n<meta property=\"og:locale\" content=\"en_US\" \/>\n<meta property=\"og:type\" content=\"article\" \/>\n<meta property=\"og:title\" content=\"Ensemble de robinets \u00e0 Angle incurv\u00e9 - Numidia Home\" \/>\n<meta property=\"og:description\" content=\"Ensemble de robinets \u00e0 Angle incurv\u00e9 de haute qualit\u00e9, syst\u00e8me de douche de pluie de style traditionnel m\u00e9langeur pour salle de bain\" \/>\n<meta property=\"og:url\" content=\"https:\/\/www.numidiahome.com\/en\/product\/ensemble-de-robinets-a-angle-incurve\/\" \/>\n<meta property=\"og:site_name\" content=\"Numidia Home\" \/>\n<meta property=\"article:modified_time\" content=\"2022-10-14T04:05:10+00:00\" \/>\n<meta property=\"og:image\" content=\"https:\/\/www.numidiahome.com\/wp-content\/uploads\/2022\/08\/296889618_455173559800740_2004774659665458720_n-1.jpg\" \/>\n\t<meta property=\"og:image:width\" content=\"750\" \/>\n\t<meta property=\"og:image:height\" content=\"750\" \/>\n\t<meta property=\"og:image:type\" content=\"image\/jpeg\" \/>\n<meta name=\"twitter:card\" content=\"summary_large_image\" \/>\n<meta name=\"twitter:label1\" content=\"Est. reading time\" \/>\n\t<meta name=\"twitter:data1\" content=\"1 minute\" \/>\n<script type=\"application\/ld+json\" class=\"yoast-schema-graph\">{\"@context\":\"https:\/\/schema.org\",\"@graph\":[{\"@type\":\"WebPage\",\"@id\":\"https:\/\/www.numidiahome.com\/produit\/ensemble-de-robinets-a-angle-incurve\/\",\"url\":\"https:\/\/www.numidiahome.com\/produit\/ensemble-de-robinets-a-angle-incurve\/\",\"name\":\"Ensemble de robinets \u00e0 Angle incurv\u00e9 - Numidia Home\",\"isPartOf\":{\"@id\":\"https:\/\/www.numidiahome.com\/#website\"},\"primaryImageOfPage\":{\"@id\":\"https:\/\/www.numidiahome.com\/produit\/ensemble-de-robinets-a-angle-incurve\/#primaryimage\"},\"image\":{\"@id\":\"https:\/\/www.numidiahome.com\/produit\/ensemble-de-robinets-a-angle-incurve\/#primaryimage\"},\"thumbnailUrl\":\"https:\/\/www.numidiahome.com\/wp-content\/uploads\/2022\/08\/296889618_455173559800740_2004774659665458720_n-1.jpg\",\"datePublished\":\"2022-08-07T04:05:11+00:00\",\"dateModified\":\"2022-10-14T04:05:10+00:00\",\"description\":\"Ensemble de robinets \u00e0 Angle incurv\u00e9 de haute qualit\u00e9, syst\u00e8me de douche de pluie de style traditionnel m\u00e9langeur pour salle de bain\",\"breadcrumb\":{\"@id\":\"https:\/\/www.numidiahome.com\/produit\/ensemble-de-robinets-a-angle-incurve\/#breadcrumb\"},\"inLanguage\":\"en-CA\",\"potentialAction\":[{\"@type\":\"ReadAction\",\"target\":[\"https:\/\/www.numidiahome.com\/produit\/ensemble-de-robinets-a-angle-incurve\/\"]}]},{\"@type\":\"ImageObject\",\"inLanguage\":\"en-CA\",\"@id\":\"https:\/\/www.numidiahome.com\/produit\/ensemble-de-robinets-a-angle-incurve\/#primaryimage\",\"url\":\"https:\/\/www.numidiahome.com\/wp-content\/uploads\/2022\/08\/296889618_455173559800740_2004774659665458720_n-1.jpg\",\"contentUrl\":\"https:\/\/www.numidiahome.com\/wp-content\/uploads\/2022\/08\/296889618_455173559800740_2004774659665458720_n-1.jpg\",\"width\":750,\"height\":750},{\"@type\":\"BreadcrumbList\",\"@id\":\"https:\/\/www.numidiahome.com\/produit\/ensemble-de-robinets-a-angle-incurve\/#breadcrumb\",\"itemListElement\":[{\"@type\":\"ListItem\",\"position\":1,\"name\":\"Accueil\",\"item\":\"https:\/\/www.numidiahome.com\/\"},{\"@type\":\"ListItem\",\"position\":2,\"name\":\"Boutique\",\"item\":\"https:\/\/www.numidiahome.com\/boutique\/\"},{\"@type\":\"ListItem\",\"position\":3,\"name\":\"Ensemble de robinets \u00e0 Angle incurv\u00e9\"}]},{\"@type\":\"WebSite\",\"@id\":\"https:\/\/www.numidiahome.com\/#website\",\"url\":\"https:\/\/www.numidiahome.com\/\",\"name\":\"Numidia Home\",\"description\":\"Articles de salles de bain et de d\u00e9coration de maison\",\"publisher\":{\"@id\":\"https:\/\/www.numidiahome.com\/#organization\"},\"potentialAction\":[{\"@type\":\"SearchAction\",\"target\":{\"@type\":\"EntryPoint\",\"urlTemplate\":\"https:\/\/www.numidiahome.com\/?s={search_term_string}\"},\"query-input\":{\"@type\":\"PropertyValueSpecification\",\"valueRequired\":true,\"valueName\":\"search_term_string\"}}],\"inLanguage\":\"en-CA\"},{\"@type\":\"Organization\",\"@id\":\"https:\/\/www.numidiahome.com\/#organization\",\"name\":\"Numidia Home\",\"url\":\"https:\/\/www.numidiahome.com\/\",\"logo\":{\"@type\":\"ImageObject\",\"inLanguage\":\"en-CA\",\"@id\":\"https:\/\/www.numidiahome.com\/#\/schema\/logo\/image\/\",\"url\":\"https:\/\/www.numidiahome.com\/wp-content\/uploads\/2022\/08\/297279421_2951062278535755_7281325708842584017_n.jpg\",\"contentUrl\":\"https:\/\/www.numidiahome.com\/wp-content\/uploads\/2022\/08\/297279421_2951062278535755_7281325708842584017_n.jpg\",\"width\":814,\"height\":381,\"caption\":\"Numidia Home\"},\"image\":{\"@id\":\"https:\/\/www.numidiahome.com\/#\/schema\/logo\/image\/\"}}]}<\/script>\n<!-- \/ Yoast SEO plugin. -->","yoast_head_json":{"title":"Ensemble de robinets \u00e0 Angle incurv\u00e9 - Numidia Home","description":"Ensemble de robinets \u00e0 Angle incurv\u00e9 de haute qualit\u00e9, syst\u00e8me de douche de pluie de style traditionnel m\u00e9langeur pour salle de bain","robots":{"index":"index","follow":"follow","max-snippet":"max-snippet:-1","max-image-preview":"max-image-preview:large","max-video-preview":"max-video-preview:-1"},"canonical":"https:\/\/www.numidiahome.com\/en\/product\/ensemble-de-robinets-a-angle-incurve\/","og_locale":"en_US","og_type":"article","og_title":"Ensemble de robinets \u00e0 Angle incurv\u00e9 - Numidia Home","og_description":"Ensemble de robinets \u00e0 Angle incurv\u00e9 de haute qualit\u00e9, syst\u00e8me de douche de pluie de style traditionnel m\u00e9langeur pour salle de bain","og_url":"https:\/\/www.numidiahome.com\/en\/product\/ensemble-de-robinets-a-angle-incurve\/","og_site_name":"Numidia Home","article_modified_time":"2022-10-14T04:05:10+00:00","og_image":[{"width":750,"height":750,"url":"https:\/\/www.numidiahome.com\/wp-content\/uploads\/2022\/08\/296889618_455173559800740_2004774659665458720_n-1.jpg","type":"image\/jpeg"}],"twitter_card":"summary_large_image","twitter_misc":{"Est. reading time":"1 minute"},"schema":{"@context":"https:\/\/schema.org","@graph":[{"@type":"WebPage","@id":"https:\/\/www.numidiahome.com\/produit\/ensemble-de-robinets-a-angle-incurve\/","url":"https:\/\/www.numidiahome.com\/produit\/ensemble-de-robinets-a-angle-incurve\/","name":"Ensemble de robinets \u00e0 Angle incurv\u00e9 - Numidia Home","isPartOf":{"@id":"https:\/\/www.numidiahome.com\/#website"},"primaryImageOfPage":{"@id":"https:\/\/www.numidiahome.com\/produit\/ensemble-de-robinets-a-angle-incurve\/#primaryimage"},"image":{"@id":"https:\/\/www.numidiahome.com\/produit\/ensemble-de-robinets-a-angle-incurve\/#primaryimage"},"thumbnailUrl":"https:\/\/www.numidiahome.com\/wp-content\/uploads\/2022\/08\/296889618_455173559800740_2004774659665458720_n-1.jpg","datePublished":"2022-08-07T04:05:11+00:00","dateModified":"2022-10-14T04:05:10+00:00","description":"Ensemble de robinets \u00e0 Angle incurv\u00e9 de haute qualit\u00e9, syst\u00e8me de douche de pluie de style traditionnel m\u00e9langeur pour salle de bain","breadcrumb":{"@id":"https:\/\/www.numidiahome.com\/produit\/ensemble-de-robinets-a-angle-incurve\/#breadcrumb"},"inLanguage":"en-CA","potentialAction":[{"@type":"ReadAction","target":["https:\/\/www.numidiahome.com\/produit\/ensemble-de-robinets-a-angle-incurve\/"]}]},{"@type":"ImageObject","inLanguage":"en-CA","@id":"https:\/\/www.numidiahome.com\/produit\/ensemble-de-robinets-a-angle-incurve\/#primaryimage","url":"https:\/\/www.numidiahome.com\/wp-content\/uploads\/2022\/08\/296889618_455173559800740_2004774659665458720_n-1.jpg","contentUrl":"https:\/\/www.numidiahome.com\/wp-content\/uploads\/2022\/08\/296889618_455173559800740_2004774659665458720_n-1.jpg","width":750,"height":750},{"@type":"BreadcrumbList","@id":"https:\/\/www.numidiahome.com\/produit\/ensemble-de-robinets-a-angle-incurve\/#breadcrumb","itemListElement":[{"@type":"ListItem","position":1,"name":"Accueil","item":"https:\/\/www.numidiahome.com\/"},{"@type":"ListItem","position":2,"name":"Boutique","item":"https:\/\/www.numidiahome.com\/boutique\/"},{"@type":"ListItem","position":3,"name":"Ensemble de robinets \u00e0 Angle incurv\u00e9"}]},{"@type":"WebSite","@id":"https:\/\/www.numidiahome.com\/#website","url":"https:\/\/www.numidiahome.com\/","name":"Numidia Home","description":"Articles de salles de bain et de d\u00e9coration de maison","publisher":{"@id":"https:\/\/www.numidiahome.com\/#organization"},"potentialAction":[{"@type":"SearchAction","target":{"@type":"EntryPoint","urlTemplate":"https:\/\/www.numidiahome.com\/?s={search_term_string}"},"query-input":{"@type":"PropertyValueSpecification","valueRequired":true,"valueName":"search_term_string"}}],"inLanguage":"en-CA"},{"@type":"Organization","@id":"https:\/\/www.numidiahome.com\/#organization","name":"Numidia Home","url":"https:\/\/www.numidiahome.com\/","logo":{"@type":"ImageObject","inLanguage":"en-CA","@id":"https:\/\/www.numidiahome.com\/#\/schema\/logo\/image\/","url":"https:\/\/www.numidiahome.com\/wp-content\/uploads\/2022\/08\/297279421_2951062278535755_7281325708842584017_n.jpg","contentUrl":"https:\/\/www.numidiahome.com\/wp-content\/uploads\/2022\/08\/297279421_2951062278535755_7281325708842584017_n.jpg","width":814,"height":381,"caption":"Numidia Home"},"image":{"@id":"https:\/\/www.numidiahome.com\/#\/schema\/logo\/image\/"}}]}},"_links":{"self":[{"href":"https:\/\/www.numidiahome.com\/en\/wp-json\/wp\/v2\/product\/587","targetHints":{"allow":["GET"]}}],"collection":[{"href":"https:\/\/www.numidiahome.com\/en\/wp-json\/wp\/v2\/product"}],"about":[{"href":"https:\/\/www.numidiahome.com\/en\/wp-json\/wp\/v2\/types\/product"}],"replies":[{"embeddable":true,"href":"https:\/\/www.numidiahome.com\/en\/wp-json\/wp\/v2\/comments?post=587"}],"wp:featuredmedia":[{"embeddable":true,"href":"https:\/\/www.numidiahome.com\/en\/wp-json\/wp\/v2\/media\/787"}],"wp:attachment":[{"href":"https:\/\/www.numidiahome.com\/en\/wp-json\/wp\/v2\/media?parent=587"}],"wp:term":[{"taxonomy":"product_brand","embeddable":true,"href":"https:\/\/www.numidiahome.com\/en\/wp-json\/wp\/v2\/product_brand?post=587"},{"taxonomy":"product_cat","embeddable":true,"href":"https:\/\/www.numidiahome.com\/en\/wp-json\/wp\/v2\/product_cat?post=587"},{"taxonomy":"product_tag","embeddable":true,"href":"https:\/\/www.numidiahome.com\/en\/wp-json\/wp\/v2\/product_tag?post=587"}],"curies":[{"name":"wp","href":"https:\/\/api.w.org\/{rel}","templated":true}]}}