{"id":3,"date":"2022-08-03T05:54:14","date_gmt":"2022-08-03T09:54:14","guid":{"rendered":"https:\/\/www.numidiahome.com\/?page_id=3"},"modified":"2022-08-07T01:58:38","modified_gmt":"2022-08-07T05:58:38","slug":"politique-de-confidentialite","status":"publish","type":"page","link":"https:\/\/www.numidiahome.com\/en\/politique-de-confidentialite\/","title":{"rendered":"Privacy Policy"},"content":{"rendered":"<div data-elementor-type=\"wp-page\" data-elementor-id=\"3\" class=\"elementor elementor-3\">\n\t\t\t\t\t\t<section class=\"elementor-section elementor-top-section elementor-element elementor-element-61f5aff4 elementor-section-boxed elementor-section-height-default elementor-section-height-default\" data-id=\"61f5aff4\" data-element_type=\"section\">\n\t\t\t\t\t\t<div class=\"elementor-container elementor-column-gap-default\">\n\t\t\t\t\t<div class=\"elementor-column elementor-col-100 elementor-top-column elementor-element elementor-element-221af73a\" data-id=\"221af73a\" data-element_type=\"column\">\n\t\t\t<div class=\"elementor-widget-wrap elementor-element-populated\">\n\t\t\t\t\t\t<div class=\"elementor-element elementor-element-6afd7381 elementor-widget elementor-widget-text-editor\" data-id=\"6afd7381\" data-element_type=\"widget\" data-widget_type=\"text-editor.default\">\n\t\t\t\t<div class=\"elementor-widget-container\">\n\t\t\t\t\t\t\t\t\t<h1>Privacy Policy<\/h1>\n<h1>Comment vos donn\u00e9es sont utilis\u00e9es\u00a0?<\/h1>\n<p>Numidia home\u00a0 S\u2019engage \u00e0 prot\u00e9ger vos informations personnelles en appliquant toutes les mesures de s\u00e9curit\u00e9 n\u00e9cessaires pour pr\u00e9venir la perte, le vol ou l&rsquo;acc\u00e8s non autoris\u00e9 \u00e0 votre Informations.<\/p>\n<p>Nous nous engageons \u00e0 respecter la confidentialit\u00e9. Vos informations personnelles ne seront pas vendues ou partag\u00e9es \u00e0 un tiers.<\/p>\n<p>Nous pouvons \u00eatre amen\u00e9s \u00e0 utiliser vos coordonn\u00e9es pour vous tenir inform\u00e9 de la mise \u00e0 jour de votre commande, et vous mettre au courant des informations sur nos nouveaut\u00e9s et promotions int\u00e9ressantes.<\/p>\n<p>Notre soci\u00e9t\u00e9 n&rsquo;est pas responsable de la perte, des frais suppl\u00e9mentaires li\u00e9s \u00e0 votre commande dus \u00e0 des informations incorrectes de votre part, informations incompl\u00e8tes ou d\u00e9faut de mise \u00e0 jour de vos informations de paiement<\/p>\n<p>Si vous avez des questions, n&rsquo;h\u00e9sitez pas \u00e0 nous contacter via notre formulaire web ou par email<\/p>\n<p>\u00a0<\/p>\n<h1>Quels droits avez-vous sur vos donn\u00e9es\u00a0?<\/h1>\n<p>Vous Pouvez demander de modifier les donn\u00e9es que vous nous fournissez. Vous pouvez \u00e9galement nous demander d&rsquo;effacer toutes les donn\u00e9es personnelles que nous d\u00e9tenons \u00e0 votre sujet. Cela n&rsquo;inclut pas les donn\u00e9es que nous sommes oblig\u00e9s de conserver \u00e0 des fins administratives, juridiques ou de s\u00e9curit\u00e9.<\/p>\n<p>\u00a0<\/p>\t\t\t\t\t\t\t\t<\/div>\n\t\t\t\t<\/div>\n\t\t\t\t\t<\/div>\n\t\t<\/div>\n\t\t\t\t\t<\/div>\n\t\t<\/section>\n\t\t\t\t<\/div>","protected":false},"excerpt":{"rendered":"<p>Politique de confidentialit\u00e9 Comment vos donn\u00e9es sont utilis\u00e9es\u00a0? Numidia home\u00a0 S\u2019engage \u00e0 prot\u00e9ger vos informations personnelles en appliquant toutes les mesures de s\u00e9curit\u00e9 n\u00e9cessaires pour pr\u00e9venir la perte, le vol ou l&rsquo;acc\u00e8s non autoris\u00e9 \u00e0 votre Informations. Nous nous engageons \u00e0 respecter la confidentialit\u00e9. Vos informations personnelles ne seront pas vendues ou partag\u00e9es \u00e0 un [&hellip;]<\/p>","protected":false},"author":1,"featured_media":0,"parent":0,"menu_order":0,"comment_status":"closed","ping_status":"closed","template":"","meta":{"ocean_post_layout":"","ocean_both_sidebars_style":"","ocean_both_sidebars_content_width":0,"ocean_both_sidebars_sidebars_width":0,"ocean_sidebar":"","ocean_second_sidebar":"","ocean_disable_margins":"enable","ocean_add_body_class":"","ocean_shortcode_before_top_bar":"","ocean_shortcode_after_top_bar":"","ocean_shortcode_before_header":"","ocean_shortcode_after_header":"","ocean_has_shortcode":"","ocean_shortcode_after_title":"","ocean_shortcode_before_footer_widgets":"","ocean_shortcode_after_footer_widgets":"","ocean_shortcode_before_footer_bottom":"","ocean_shortcode_after_footer_bottom":"","ocean_display_top_bar":"default","ocean_display_header":"default","ocean_header_style":"","ocean_center_header_left_menu":"","ocean_custom_header_template":"","ocean_custom_logo":0,"ocean_custom_retina_logo":0,"ocean_custom_logo_max_width":0,"ocean_custom_logo_tablet_max_width":0,"ocean_custom_logo_mobile_max_width":0,"ocean_custom_logo_max_height":0,"ocean_custom_logo_tablet_max_height":0,"ocean_custom_logo_mobile_max_height":0,"ocean_header_custom_menu":"","ocean_menu_typo_font_family":"","ocean_menu_typo_font_subset":"","ocean_menu_typo_font_size":0,"ocean_menu_typo_font_size_tablet":0,"ocean_menu_typo_font_size_mobile":0,"ocean_menu_typo_font_size_unit":"px","ocean_menu_typo_font_weight":"","ocean_menu_typo_font_weight_tablet":"","ocean_menu_typo_font_weight_mobile":"","ocean_menu_typo_transform":"","ocean_menu_typo_transform_tablet":"","ocean_menu_typo_transform_mobile":"","ocean_menu_typo_line_height":0,"ocean_menu_typo_line_height_tablet":0,"ocean_menu_typo_line_height_mobile":0,"ocean_menu_typo_line_height_unit":"","ocean_menu_typo_spacing":0,"ocean_menu_typo_spacing_tablet":0,"ocean_menu_typo_spacing_mobile":0,"ocean_menu_typo_spacing_unit":"","ocean_menu_link_color":"","ocean_menu_link_color_hover":"","ocean_menu_link_color_active":"","ocean_menu_link_background":"","ocean_menu_link_hover_background":"","ocean_menu_link_active_background":"","ocean_menu_social_links_bg":"","ocean_menu_social_hover_links_bg":"","ocean_menu_social_links_color":"","ocean_menu_social_hover_links_color":"","ocean_disable_title":"default","ocean_disable_heading":"default","ocean_post_title":"","ocean_post_subheading":"","ocean_post_title_style":"","ocean_post_title_background_color":"","ocean_post_title_background":0,"ocean_post_title_bg_image_position":"","ocean_post_title_bg_image_attachment":"","ocean_post_title_bg_image_repeat":"","ocean_post_title_bg_image_size":"","ocean_post_title_height":0,"ocean_post_title_bg_overlay":0.5,"ocean_post_title_bg_overlay_color":"","ocean_disable_breadcrumbs":"default","ocean_breadcrumbs_color":"","ocean_breadcrumbs_separator_color":"","ocean_breadcrumbs_links_color":"","ocean_breadcrumbs_links_hover_color":"","ocean_display_footer_widgets":"default","ocean_display_footer_bottom":"default","ocean_custom_footer_template":"","footnotes":""},"class_list":["post-3","page","type-page","status-publish","hentry","entry","owp-thumbs-layout-horizontal","owp-btn-normal","owp-tabs-layout-horizontal","has-no-thumbnails","has-product-nav"],"yoast_head":"<!-- This site is optimized with the Yoast SEO plugin v26.9 - https:\/\/yoast.com\/product\/yoast-seo-wordpress\/ -->\n<title>Politique de confidentialit\u00e9 - Numidia Home<\/title>\n<meta name=\"robots\" content=\"index, follow, max-snippet:-1, max-image-preview:large, max-video-preview:-1\" \/>\n<link rel=\"canonical\" href=\"https:\/\/www.numidiahome.com\/en\/politique-de-confidentialite\/\" \/>\n<meta property=\"og:locale\" content=\"en_US\" \/>\n<meta property=\"og:type\" content=\"article\" \/>\n<meta property=\"og:title\" content=\"Politique de confidentialit\u00e9 - Numidia Home\" \/>\n<meta property=\"og:description\" content=\"Politique de confidentialit\u00e9 Comment vos donn\u00e9es sont utilis\u00e9es\u00a0? Numidia home\u00a0 S\u2019engage \u00e0 prot\u00e9ger vos informations personnelles en appliquant toutes les mesures de s\u00e9curit\u00e9 n\u00e9cessaires pour pr\u00e9venir la perte, le vol ou l&rsquo;acc\u00e8s non autoris\u00e9 \u00e0 votre Informations. Nous nous engageons \u00e0 respecter la confidentialit\u00e9. Vos informations personnelles ne seront pas vendues ou partag\u00e9es \u00e0 un [&hellip;]\" \/>\n<meta property=\"og:url\" content=\"https:\/\/www.numidiahome.com\/en\/politique-de-confidentialite\/\" \/>\n<meta property=\"og:site_name\" content=\"Numidia Home\" \/>\n<meta property=\"article:modified_time\" content=\"2022-08-07T05:58:38+00:00\" \/>\n<meta name=\"twitter:card\" content=\"summary_large_image\" \/>\n<meta name=\"twitter:label1\" content=\"Est. reading time\" \/>\n\t<meta name=\"twitter:data1\" content=\"1 minute\" \/>\n<script type=\"application\/ld+json\" class=\"yoast-schema-graph\">{\"@context\":\"https:\/\/schema.org\",\"@graph\":[{\"@type\":\"WebPage\",\"@id\":\"https:\/\/www.numidiahome.com\/politique-de-confidentialite\/\",\"url\":\"https:\/\/www.numidiahome.com\/politique-de-confidentialite\/\",\"name\":\"Politique de confidentialit\u00e9 - Numidia Home\",\"isPartOf\":{\"@id\":\"https:\/\/www.numidiahome.com\/#website\"},\"datePublished\":\"2022-08-03T09:54:14+00:00\",\"dateModified\":\"2022-08-07T05:58:38+00:00\",\"breadcrumb\":{\"@id\":\"https:\/\/www.numidiahome.com\/politique-de-confidentialite\/#breadcrumb\"},\"inLanguage\":\"en-CA\",\"potentialAction\":[{\"@type\":\"ReadAction\",\"target\":[\"https:\/\/www.numidiahome.com\/politique-de-confidentialite\/\"]}]},{\"@type\":\"BreadcrumbList\",\"@id\":\"https:\/\/www.numidiahome.com\/politique-de-confidentialite\/#breadcrumb\",\"itemListElement\":[{\"@type\":\"ListItem\",\"position\":1,\"name\":\"Accueil\",\"item\":\"https:\/\/www.numidiahome.com\/\"},{\"@type\":\"ListItem\",\"position\":2,\"name\":\"Politique de confidentialit\u00e9\"}]},{\"@type\":\"WebSite\",\"@id\":\"https:\/\/www.numidiahome.com\/#website\",\"url\":\"https:\/\/www.numidiahome.com\/\",\"name\":\"Numidia Home\",\"description\":\"Articles de salles de bain et de d\u00e9coration de maison\",\"publisher\":{\"@id\":\"https:\/\/www.numidiahome.com\/#organization\"},\"potentialAction\":[{\"@type\":\"SearchAction\",\"target\":{\"@type\":\"EntryPoint\",\"urlTemplate\":\"https:\/\/www.numidiahome.com\/?s={search_term_string}\"},\"query-input\":{\"@type\":\"PropertyValueSpecification\",\"valueRequired\":true,\"valueName\":\"search_term_string\"}}],\"inLanguage\":\"en-CA\"},{\"@type\":\"Organization\",\"@id\":\"https:\/\/www.numidiahome.com\/#organization\",\"name\":\"Numidia Home\",\"url\":\"https:\/\/www.numidiahome.com\/\",\"logo\":{\"@type\":\"ImageObject\",\"inLanguage\":\"en-CA\",\"@id\":\"https:\/\/www.numidiahome.com\/#\/schema\/logo\/image\/\",\"url\":\"https:\/\/www.numidiahome.com\/wp-content\/uploads\/2022\/08\/297279421_2951062278535755_7281325708842584017_n.jpg\",\"contentUrl\":\"https:\/\/www.numidiahome.com\/wp-content\/uploads\/2022\/08\/297279421_2951062278535755_7281325708842584017_n.jpg\",\"width\":814,\"height\":381,\"caption\":\"Numidia Home\"},\"image\":{\"@id\":\"https:\/\/www.numidiahome.com\/#\/schema\/logo\/image\/\"}}]}<\/script>\n<!-- \/ Yoast SEO plugin. -->","yoast_head_json":{"title":"Politique de confidentialit\u00e9 - Numidia Home","robots":{"index":"index","follow":"follow","max-snippet":"max-snippet:-1","max-image-preview":"max-image-preview:large","max-video-preview":"max-video-preview:-1"},"canonical":"https:\/\/www.numidiahome.com\/en\/politique-de-confidentialite\/","og_locale":"en_US","og_type":"article","og_title":"Politique de confidentialit\u00e9 - Numidia Home","og_description":"Politique de confidentialit\u00e9 Comment vos donn\u00e9es sont utilis\u00e9es\u00a0? Numidia home\u00a0 S\u2019engage \u00e0 prot\u00e9ger vos informations personnelles en appliquant toutes les mesures de s\u00e9curit\u00e9 n\u00e9cessaires pour pr\u00e9venir la perte, le vol ou l&rsquo;acc\u00e8s non autoris\u00e9 \u00e0 votre Informations. Nous nous engageons \u00e0 respecter la confidentialit\u00e9. Vos informations personnelles ne seront pas vendues ou partag\u00e9es \u00e0 un [&hellip;]","og_url":"https:\/\/www.numidiahome.com\/en\/politique-de-confidentialite\/","og_site_name":"Numidia Home","article_modified_time":"2022-08-07T05:58:38+00:00","twitter_card":"summary_large_image","twitter_misc":{"Est. reading time":"1 minute"},"schema":{"@context":"https:\/\/schema.org","@graph":[{"@type":"WebPage","@id":"https:\/\/www.numidiahome.com\/politique-de-confidentialite\/","url":"https:\/\/www.numidiahome.com\/politique-de-confidentialite\/","name":"Politique de confidentialit\u00e9 - Numidia Home","isPartOf":{"@id":"https:\/\/www.numidiahome.com\/#website"},"datePublished":"2022-08-03T09:54:14+00:00","dateModified":"2022-08-07T05:58:38+00:00","breadcrumb":{"@id":"https:\/\/www.numidiahome.com\/politique-de-confidentialite\/#breadcrumb"},"inLanguage":"en-CA","potentialAction":[{"@type":"ReadAction","target":["https:\/\/www.numidiahome.com\/politique-de-confidentialite\/"]}]},{"@type":"BreadcrumbList","@id":"https:\/\/www.numidiahome.com\/politique-de-confidentialite\/#breadcrumb","itemListElement":[{"@type":"ListItem","position":1,"name":"Accueil","item":"https:\/\/www.numidiahome.com\/"},{"@type":"ListItem","position":2,"name":"Politique de confidentialit\u00e9"}]},{"@type":"WebSite","@id":"https:\/\/www.numidiahome.com\/#website","url":"https:\/\/www.numidiahome.com\/","name":"Numidia Home","description":"Articles de salles de bain et de d\u00e9coration de maison","publisher":{"@id":"https:\/\/www.numidiahome.com\/#organization"},"potentialAction":[{"@type":"SearchAction","target":{"@type":"EntryPoint","urlTemplate":"https:\/\/www.numidiahome.com\/?s={search_term_string}"},"query-input":{"@type":"PropertyValueSpecification","valueRequired":true,"valueName":"search_term_string"}}],"inLanguage":"en-CA"},{"@type":"Organization","@id":"https:\/\/www.numidiahome.com\/#organization","name":"Numidia Home","url":"https:\/\/www.numidiahome.com\/","logo":{"@type":"ImageObject","inLanguage":"en-CA","@id":"https:\/\/www.numidiahome.com\/#\/schema\/logo\/image\/","url":"https:\/\/www.numidiahome.com\/wp-content\/uploads\/2022\/08\/297279421_2951062278535755_7281325708842584017_n.jpg","contentUrl":"https:\/\/www.numidiahome.com\/wp-content\/uploads\/2022\/08\/297279421_2951062278535755_7281325708842584017_n.jpg","width":814,"height":381,"caption":"Numidia Home"},"image":{"@id":"https:\/\/www.numidiahome.com\/#\/schema\/logo\/image\/"}}]}},"_links":{"self":[{"href":"https:\/\/www.numidiahome.com\/en\/wp-json\/wp\/v2\/pages\/3","targetHints":{"allow":["GET"]}}],"collection":[{"href":"https:\/\/www.numidiahome.com\/en\/wp-json\/wp\/v2\/pages"}],"about":[{"href":"https:\/\/www.numidiahome.com\/en\/wp-json\/wp\/v2\/types\/page"}],"author":[{"embeddable":true,"href":"https:\/\/www.numidiahome.com\/en\/wp-json\/wp\/v2\/users\/1"}],"replies":[{"embeddable":true,"href":"https:\/\/www.numidiahome.com\/en\/wp-json\/wp\/v2\/comments?post=3"}],"version-history":[{"count":7,"href":"https:\/\/www.numidiahome.com\/en\/wp-json\/wp\/v2\/pages\/3\/revisions"}],"predecessor-version":[{"id":625,"href":"https:\/\/www.numidiahome.com\/en\/wp-json\/wp\/v2\/pages\/3\/revisions\/625"}],"wp:attachment":[{"href":"https:\/\/www.numidiahome.com\/en\/wp-json\/wp\/v2\/media?parent=3"}],"curies":[{"name":"wp","href":"https:\/\/api.w.org\/{rel}","templated":true}]}}