{"id":14,"date":"2022-08-05T17:33:06","date_gmt":"2022-08-05T21:33:06","guid":{"rendered":"https:\/\/www.numidiahome.com\/?page_id=14"},"modified":"2022-08-07T01:59:18","modified_gmt":"2022-08-07T05:59:18","slug":"termes-et-conditions","status":"publish","type":"page","link":"https:\/\/www.numidiahome.com\/en\/termes-et-conditions\/","title":{"rendered":"Terms and conditions"},"content":{"rendered":"<div data-elementor-type=\"wp-page\" data-elementor-id=\"14\" class=\"elementor elementor-14\">\n\t\t\t\t<section class=\"elementor-section elementor-top-section elementor-element elementor-element-3662037d elementor-section-boxed elementor-section-height-default elementor-section-height-default\" data-id=\"3662037d\" data-element_type=\"section\">\n\t\t\t\t\t\t<div class=\"elementor-container elementor-column-gap-default\">\n\t\t\t\t\t<div class=\"elementor-column elementor-col-100 elementor-top-column elementor-element elementor-element-2979f24b\" data-id=\"2979f24b\" data-element_type=\"column\">\n\t\t\t<div class=\"elementor-widget-wrap elementor-element-populated\">\n\t\t\t\t\t\t<div class=\"elementor-element elementor-element-6d01d071 elementor-widget elementor-widget-text-editor\" data-id=\"6d01d071\" data-element_type=\"widget\" data-widget_type=\"text-editor.default\">\n\t\t\t\t<div class=\"elementor-widget-container\">\n\t\t\t\t\t\t\t\t\t<p><\/p>\n<h1>TERMES ET CONDITIONS<\/h1>\n<p>\u00a0Bienvenue sur notre site\u00a0 \u00a0www.numidiahome.com<\/p>\n<p>Nous sommes sp\u00e9cialis\u00e9s dans la vente des produits de bain et de d\u00e9coration<\/p>\n<p>Prenez le temps de lire ce qui suit car il contient des informations essentielles. L&rsquo;utilisation de ce site Web signifie que vous acceptez tous les termes et conditions.<\/p>\n<p>Nous nous r\u00e9servons le droit de modifier le contenu du site sans pr\u00e9avis.<\/p>\n<p>Toute reproduction totale ou partielle du site est strictement interdite sans autorisation<\/p>\n<h1>MODE DE PAIEMENT ACCEPT\u00c9\u00a0:<\/h1>\n<ul>\n<li>Pay Pal<\/li>\n<li>Carte de cr\u00e9dit<\/li>\n<\/ul>\n<h1>LIVRAISON<\/h1>\n<p>Nous exp\u00e9dions partout au Canada et aux \u00c9tats-Unis. Le d\u00e9lai de livraison et les frais de livraison peuvent varier selon la province et le pays de livraison.<\/p>\n<p>Les frais de livraison ne sont pas remboursables sauf en cas d&rsquo;erreur de livraison de notre part<\/p>\n<p>\u00a0<\/p>\n<h1>POLITIQUE D&rsquo;\u00c9CHANGE, DE RETOUR ET DE REMBOURSEMENT<\/h1>\n<ul>\n<li>Apr\u00e8s achat sur le site et livraison, vous b\u00e9n\u00e9ficiez d&rsquo;une garantie de satisfaction de 30 jours sur les produits neufs et de 15 jours sur les produits d&rsquo;occasion.<\/li>\n<li>La garantie de satisfaction ne s&rsquo;applique pas aux \u00e9ventuels dommages mat\u00e9riels ou logiciels de votre part.<\/li>\n<li>Pour accepter un retour d&rsquo;un produit, il doit \u00eatre retourn\u00e9 dans sa bo\u00eete ou son emballage d&rsquo;origine, y compris tous les accessoires (le cas \u00e9ch\u00e9ant). De plus, il est n\u00e9cessaire qu&rsquo;il n&rsquo;y ait aucun dommage au produit<\/li>\n<li>Les produits sont \u00e9changeables sans surco\u00fbt contre un produit de m\u00eame gamme et de prix similaires.<\/li>\n<\/ul>\n<p>\u00a0<\/p>\n<h1>DELAIS DE REMBOURSEMENT<\/h1>\n<p>Une fois votre retour re\u00e7u et inspect\u00e9, nous vous enverrons un e-mail pour vous informer que nous avons re\u00e7u votre article retourn\u00e9. Nous vous informerons \u00e9galement de l&rsquo;approbation ou du rejet de votre remboursement.<\/p>\n<p>\u00a0<\/p>\n<p>Si votre demande est approuv\u00e9e, votre remboursement sera trait\u00e9 et un cr\u00e9dit sera automatiquement appliqu\u00e9 \u00e0 votre carte de cr\u00e9dit ou \u00e0 votre mode de paiement original, dans un certain nombre de jours. Le d\u00e9lai pour voir le remboursement dans votre compte bancaire peut varier d\u2019une banque \u00e0 l\u2019autre. Ou de votre institution de cr\u00e9dit<\/p>\n<p>\u00a0<\/p>\n<p>Si vous avez des questions n\u2019h\u00e9sitez pas \u00e0 nous contacter.<\/p>\n<p>\u00a0<\/p>\n<p><\/p>\t\t\t\t\t\t\t\t<\/div>\n\t\t\t\t<\/div>\n\t\t\t\t\t<\/div>\n\t\t<\/div>\n\t\t\t\t\t<\/div>\n\t\t<\/section>\t\t<\/div>","protected":false},"excerpt":{"rendered":"<p>TERMES ET CONDITIONS \u00a0Bienvenue sur notre site\u00a0 \u00a0www.numidiahome.com Nous sommes sp\u00e9cialis\u00e9s dans la vente des produits de bain et de d\u00e9coration Prenez le temps de lire ce qui suit car il contient des informations essentielles. L&rsquo;utilisation de ce site Web signifie que vous acceptez tous les termes et conditions. Nous nous r\u00e9servons le droit de [&hellip;]<\/p>","protected":false},"author":1,"featured_media":0,"parent":0,"menu_order":0,"comment_status":"closed","ping_status":"closed","template":"","meta":{"ocean_post_layout":"","ocean_both_sidebars_style":"","ocean_both_sidebars_content_width":0,"ocean_both_sidebars_sidebars_width":0,"ocean_sidebar":"","ocean_second_sidebar":"","ocean_disable_margins":"enable","ocean_add_body_class":"","ocean_shortcode_before_top_bar":"","ocean_shortcode_after_top_bar":"","ocean_shortcode_before_header":"","ocean_shortcode_after_header":"","ocean_has_shortcode":"","ocean_shortcode_after_title":"","ocean_shortcode_before_footer_widgets":"","ocean_shortcode_after_footer_widgets":"","ocean_shortcode_before_footer_bottom":"","ocean_shortcode_after_footer_bottom":"","ocean_display_top_bar":"default","ocean_display_header":"default","ocean_header_style":"","ocean_center_header_left_menu":"","ocean_custom_header_template":"","ocean_custom_logo":0,"ocean_custom_retina_logo":0,"ocean_custom_logo_max_width":0,"ocean_custom_logo_tablet_max_width":0,"ocean_custom_logo_mobile_max_width":0,"ocean_custom_logo_max_height":0,"ocean_custom_logo_tablet_max_height":0,"ocean_custom_logo_mobile_max_height":0,"ocean_header_custom_menu":"","ocean_menu_typo_font_family":"","ocean_menu_typo_font_subset":"","ocean_menu_typo_font_size":0,"ocean_menu_typo_font_size_tablet":0,"ocean_menu_typo_font_size_mobile":0,"ocean_menu_typo_font_size_unit":"px","ocean_menu_typo_font_weight":"","ocean_menu_typo_font_weight_tablet":"","ocean_menu_typo_font_weight_mobile":"","ocean_menu_typo_transform":"","ocean_menu_typo_transform_tablet":"","ocean_menu_typo_transform_mobile":"","ocean_menu_typo_line_height":0,"ocean_menu_typo_line_height_tablet":0,"ocean_menu_typo_line_height_mobile":0,"ocean_menu_typo_line_height_unit":"","ocean_menu_typo_spacing":0,"ocean_menu_typo_spacing_tablet":0,"ocean_menu_typo_spacing_mobile":0,"ocean_menu_typo_spacing_unit":"","ocean_menu_link_color":"","ocean_menu_link_color_hover":"","ocean_menu_link_color_active":"","ocean_menu_link_background":"","ocean_menu_link_hover_background":"","ocean_menu_link_active_background":"","ocean_menu_social_links_bg":"","ocean_menu_social_hover_links_bg":"","ocean_menu_social_links_color":"","ocean_menu_social_hover_links_color":"","ocean_disable_title":"default","ocean_disable_heading":"default","ocean_post_title":"","ocean_post_subheading":"","ocean_post_title_style":"","ocean_post_title_background_color":"","ocean_post_title_background":0,"ocean_post_title_bg_image_position":"","ocean_post_title_bg_image_attachment":"","ocean_post_title_bg_image_repeat":"","ocean_post_title_bg_image_size":"","ocean_post_title_height":0,"ocean_post_title_bg_overlay":0.5,"ocean_post_title_bg_overlay_color":"","ocean_disable_breadcrumbs":"default","ocean_breadcrumbs_color":"","ocean_breadcrumbs_separator_color":"","ocean_breadcrumbs_links_color":"","ocean_breadcrumbs_links_hover_color":"","ocean_display_footer_widgets":"default","ocean_display_footer_bottom":"default","ocean_custom_footer_template":"","footnotes":""},"class_list":["post-14","page","type-page","status-publish","hentry","entry","owp-thumbs-layout-horizontal","owp-btn-normal","owp-tabs-layout-horizontal","has-no-thumbnails","has-product-nav"],"yoast_head":"<!-- This site is optimized with the Yoast SEO plugin v26.9 - https:\/\/yoast.com\/product\/yoast-seo-wordpress\/ -->\n<title>Termes et conditions - Numidia Home<\/title>\n<meta name=\"robots\" content=\"index, follow, max-snippet:-1, max-image-preview:large, max-video-preview:-1\" \/>\n<link rel=\"canonical\" href=\"https:\/\/www.numidiahome.com\/en\/termes-et-conditions\/\" \/>\n<meta property=\"og:locale\" content=\"en_US\" \/>\n<meta property=\"og:type\" content=\"article\" \/>\n<meta property=\"og:title\" content=\"Termes et conditions - Numidia Home\" \/>\n<meta property=\"og:description\" content=\"TERMES ET CONDITIONS \u00a0Bienvenue sur notre site\u00a0 \u00a0www.numidiahome.com Nous sommes sp\u00e9cialis\u00e9s dans la vente des produits de bain et de d\u00e9coration Prenez le temps de lire ce qui suit car il contient des informations essentielles. L&rsquo;utilisation de ce site Web signifie que vous acceptez tous les termes et conditions. Nous nous r\u00e9servons le droit de [&hellip;]\" \/>\n<meta property=\"og:url\" content=\"https:\/\/www.numidiahome.com\/en\/termes-et-conditions\/\" \/>\n<meta property=\"og:site_name\" content=\"Numidia Home\" \/>\n<meta property=\"article:modified_time\" content=\"2022-08-07T05:59:18+00:00\" \/>\n<meta name=\"twitter:card\" content=\"summary_large_image\" \/>\n<meta name=\"twitter:label1\" content=\"Est. reading time\" \/>\n\t<meta name=\"twitter:data1\" content=\"2 minutes\" \/>\n<script type=\"application\/ld+json\" class=\"yoast-schema-graph\">{\"@context\":\"https:\/\/schema.org\",\"@graph\":[{\"@type\":\"WebPage\",\"@id\":\"https:\/\/www.numidiahome.com\/termes-et-conditions\/\",\"url\":\"https:\/\/www.numidiahome.com\/termes-et-conditions\/\",\"name\":\"Termes et conditions - Numidia Home\",\"isPartOf\":{\"@id\":\"https:\/\/www.numidiahome.com\/#website\"},\"datePublished\":\"2022-08-05T21:33:06+00:00\",\"dateModified\":\"2022-08-07T05:59:18+00:00\",\"breadcrumb\":{\"@id\":\"https:\/\/www.numidiahome.com\/termes-et-conditions\/#breadcrumb\"},\"inLanguage\":\"en-CA\",\"potentialAction\":[{\"@type\":\"ReadAction\",\"target\":[\"https:\/\/www.numidiahome.com\/termes-et-conditions\/\"]}]},{\"@type\":\"BreadcrumbList\",\"@id\":\"https:\/\/www.numidiahome.com\/termes-et-conditions\/#breadcrumb\",\"itemListElement\":[{\"@type\":\"ListItem\",\"position\":1,\"name\":\"Accueil\",\"item\":\"https:\/\/www.numidiahome.com\/\"},{\"@type\":\"ListItem\",\"position\":2,\"name\":\"Termes et conditions\"}]},{\"@type\":\"WebSite\",\"@id\":\"https:\/\/www.numidiahome.com\/#website\",\"url\":\"https:\/\/www.numidiahome.com\/\",\"name\":\"Numidia Home\",\"description\":\"Articles de salles de bain et de d\u00e9coration de maison\",\"publisher\":{\"@id\":\"https:\/\/www.numidiahome.com\/#organization\"},\"potentialAction\":[{\"@type\":\"SearchAction\",\"target\":{\"@type\":\"EntryPoint\",\"urlTemplate\":\"https:\/\/www.numidiahome.com\/?s={search_term_string}\"},\"query-input\":{\"@type\":\"PropertyValueSpecification\",\"valueRequired\":true,\"valueName\":\"search_term_string\"}}],\"inLanguage\":\"en-CA\"},{\"@type\":\"Organization\",\"@id\":\"https:\/\/www.numidiahome.com\/#organization\",\"name\":\"Numidia Home\",\"url\":\"https:\/\/www.numidiahome.com\/\",\"logo\":{\"@type\":\"ImageObject\",\"inLanguage\":\"en-CA\",\"@id\":\"https:\/\/www.numidiahome.com\/#\/schema\/logo\/image\/\",\"url\":\"https:\/\/www.numidiahome.com\/wp-content\/uploads\/2022\/08\/297279421_2951062278535755_7281325708842584017_n.jpg\",\"contentUrl\":\"https:\/\/www.numidiahome.com\/wp-content\/uploads\/2022\/08\/297279421_2951062278535755_7281325708842584017_n.jpg\",\"width\":814,\"height\":381,\"caption\":\"Numidia Home\"},\"image\":{\"@id\":\"https:\/\/www.numidiahome.com\/#\/schema\/logo\/image\/\"}}]}<\/script>\n<!-- \/ Yoast SEO plugin. -->","yoast_head_json":{"title":"Termes et conditions - Numidia Home","robots":{"index":"index","follow":"follow","max-snippet":"max-snippet:-1","max-image-preview":"max-image-preview:large","max-video-preview":"max-video-preview:-1"},"canonical":"https:\/\/www.numidiahome.com\/en\/termes-et-conditions\/","og_locale":"en_US","og_type":"article","og_title":"Termes et conditions - Numidia Home","og_description":"TERMES ET CONDITIONS \u00a0Bienvenue sur notre site\u00a0 \u00a0www.numidiahome.com Nous sommes sp\u00e9cialis\u00e9s dans la vente des produits de bain et de d\u00e9coration Prenez le temps de lire ce qui suit car il contient des informations essentielles. L&rsquo;utilisation de ce site Web signifie que vous acceptez tous les termes et conditions. Nous nous r\u00e9servons le droit de [&hellip;]","og_url":"https:\/\/www.numidiahome.com\/en\/termes-et-conditions\/","og_site_name":"Numidia Home","article_modified_time":"2022-08-07T05:59:18+00:00","twitter_card":"summary_large_image","twitter_misc":{"Est. reading time":"2 minutes"},"schema":{"@context":"https:\/\/schema.org","@graph":[{"@type":"WebPage","@id":"https:\/\/www.numidiahome.com\/termes-et-conditions\/","url":"https:\/\/www.numidiahome.com\/termes-et-conditions\/","name":"Termes et conditions - Numidia Home","isPartOf":{"@id":"https:\/\/www.numidiahome.com\/#website"},"datePublished":"2022-08-05T21:33:06+00:00","dateModified":"2022-08-07T05:59:18+00:00","breadcrumb":{"@id":"https:\/\/www.numidiahome.com\/termes-et-conditions\/#breadcrumb"},"inLanguage":"en-CA","potentialAction":[{"@type":"ReadAction","target":["https:\/\/www.numidiahome.com\/termes-et-conditions\/"]}]},{"@type":"BreadcrumbList","@id":"https:\/\/www.numidiahome.com\/termes-et-conditions\/#breadcrumb","itemListElement":[{"@type":"ListItem","position":1,"name":"Accueil","item":"https:\/\/www.numidiahome.com\/"},{"@type":"ListItem","position":2,"name":"Termes et conditions"}]},{"@type":"WebSite","@id":"https:\/\/www.numidiahome.com\/#website","url":"https:\/\/www.numidiahome.com\/","name":"Numidia Home","description":"Articles de salles de bain et de d\u00e9coration de maison","publisher":{"@id":"https:\/\/www.numidiahome.com\/#organization"},"potentialAction":[{"@type":"SearchAction","target":{"@type":"EntryPoint","urlTemplate":"https:\/\/www.numidiahome.com\/?s={search_term_string}"},"query-input":{"@type":"PropertyValueSpecification","valueRequired":true,"valueName":"search_term_string"}}],"inLanguage":"en-CA"},{"@type":"Organization","@id":"https:\/\/www.numidiahome.com\/#organization","name":"Numidia Home","url":"https:\/\/www.numidiahome.com\/","logo":{"@type":"ImageObject","inLanguage":"en-CA","@id":"https:\/\/www.numidiahome.com\/#\/schema\/logo\/image\/","url":"https:\/\/www.numidiahome.com\/wp-content\/uploads\/2022\/08\/297279421_2951062278535755_7281325708842584017_n.jpg","contentUrl":"https:\/\/www.numidiahome.com\/wp-content\/uploads\/2022\/08\/297279421_2951062278535755_7281325708842584017_n.jpg","width":814,"height":381,"caption":"Numidia Home"},"image":{"@id":"https:\/\/www.numidiahome.com\/#\/schema\/logo\/image\/"}}]}},"_links":{"self":[{"href":"https:\/\/www.numidiahome.com\/en\/wp-json\/wp\/v2\/pages\/14","targetHints":{"allow":["GET"]}}],"collection":[{"href":"https:\/\/www.numidiahome.com\/en\/wp-json\/wp\/v2\/pages"}],"about":[{"href":"https:\/\/www.numidiahome.com\/en\/wp-json\/wp\/v2\/types\/page"}],"author":[{"embeddable":true,"href":"https:\/\/www.numidiahome.com\/en\/wp-json\/wp\/v2\/users\/1"}],"replies":[{"embeddable":true,"href":"https:\/\/www.numidiahome.com\/en\/wp-json\/wp\/v2\/comments?post=14"}],"version-history":[{"count":10,"href":"https:\/\/www.numidiahome.com\/en\/wp-json\/wp\/v2\/pages\/14\/revisions"}],"predecessor-version":[{"id":628,"href":"https:\/\/www.numidiahome.com\/en\/wp-json\/wp\/v2\/pages\/14\/revisions\/628"}],"wp:attachment":[{"href":"https:\/\/www.numidiahome.com\/en\/wp-json\/wp\/v2\/media?parent=14"}],"curies":[{"name":"wp","href":"https:\/\/api.w.org\/{rel}","templated":true}]}}